{"id":384,"date":"2016-03-20T13:21:15","date_gmt":"2016-03-20T12:21:15","guid":{"rendered":"https:\/\/dr-gangkofner-frauenarzt-muenchen-innenstadt.de\/imprint\/"},"modified":"2025-04-24T13:56:43","modified_gmt":"2025-04-24T11:56:43","slug":"imprint","status":"publish","type":"page","link":"https:\/\/dr-gangkofner-frauenarzt-muenchen-innenstadt.de\/en\/imprint\/","title":{"rendered":"Imprint"},"content":{"rendered":"<div class=\"wpb-content-wrapper\"><p>[vc_row][vc_column width=&#8221;1\/2&#8243;][vc_column_text]Information according to \u00a7 5 TMG:<br \/>\n<strong>Maximilian Gangkofner<\/strong><br \/>\n<strong>Doctor<\/strong><br \/>\n<strong>Residenzstrasse 27<\/strong><br \/>\n<strong>80333 Munich<\/strong><\/p>\n<p>&nbsp;<\/p>\n<p><strong>Contact:<\/strong><br \/>\nPhone: 089-220091<br \/>\nE-mail: Dr.Gangkofner@t-online.de[\/vc_column_text][\/vc_column][vc_column width=&#8221;1\/2&#8243;][vc_column_text]<strong>Supervisory authority<\/strong>:<br \/>\nBayerische Landes\u00e4rztekammer ,M\u00fchlbaurstra\u00dfe 16,81677 M\u00fcnchen,Telefon: 089-4147-0,Internet:www.blaek.de<\/p>\n<p style=\"text-align: justify;\"><strong>Professional title:<\/strong> Arzt(Deutschland)<br \/>\n<strong>Responsible chamber:<\/strong> Bayerische Landes\u00e4rztekammer<br \/>\n<strong>Awarded by:<\/strong> Bavaria<br \/>\nThe following professional regulations apply: Professional regulations of the Bavarian Medical Association Regulations can be viewed at: www.blaek.de<\/p>\n<p>Source: http:\/\/www.e-recht24.de[\/vc_column_text][\/vc_column][\/vc_row][vc_row][vc_column][vc_column_text]<\/p>\n<p style=\"text-align: justify;\"><strong>Disclaimer<\/strong><br \/>\nLiability for content<br \/>\nAs a service provider, we are responsible for our own content on these pages in accordance with general legislation pursuant to Section 7 (1) of the German Telemedia Act (TMG). According to \u00a7\u00a7 8 to 10 TMG, however, we as a service provider are not obliged to monitor transmitted or stored third-party information or to investigate circumstances that indicate illegal activity. Obligations to remove or block the use of information in accordance with general legislation remain unaffected by this. However, liability in this respect is only possible from the time of knowledge of a specific infringement. If we become aware of any such legal infringements, we will remove the content in question immediately.<br \/>\nLiability for links<br \/>\nOur website contains links to external third-party websites over whose content we have no influence. Therefore, we cannot accept any liability for this third-party content. The respective provider or operator of the pages is always responsible for the content of the linked pages. The linked pages were checked for possible legal violations at the time of linking. Illegal content was not recognizable at the time of linking. However, permanent monitoring of the content of the linked pages is not reasonable without concrete evidence of an infringement. If we become aware of any legal infringements, we will remove such links immediately.<br \/>\nCopyright<br \/>\nThe content and works created by the site operators on these pages are subject to German copyright law. Duplication, processing, distribution and any form of commercialization of such material beyond the scope of the copyright law shall require the prior written consent of its respective author or creator. Downloads and copies of this site are only permitted for private, non-commercial use. Insofar as the content on this site was not created by the operator, the copyrights of third parties are respected. In particular, third-party content is identified as such. Should you nevertheless become aware of a copyright infringement, please inform us accordingly. If we become aware of any infringements, we will remove such content immediately.                 <\/p>\n<p style=\"text-align: justify;\">Sources: Disclaimer from eRecht24, the portal for internet law by lawyer S\u00f6ren Siebert<\/p>\n<p>[\/vc_column_text][\/vc_column][\/vc_row]<\/p><\/div>","protected":false},"excerpt":{"rendered":"<p>[vc_row][vc_column width=&#8221;1\/2&#8243;][vc_column_text]Information according to \u00a7 5 TMG: Maximilian Gangkofner Doctor Residenzstrasse 27 80333 Munich &nbsp; Contact: Phone: 089-220091 E-mail: Dr.Gangkofner@t-online.de[\/vc_column_text][\/vc_column][vc_column width=&#8221;1\/2&#8243;][vc_column_text]Supervisory authority: Bayerische Landes\u00e4rztekammer ,M\u00fchlbaurstra\u00dfe 16,81677 M\u00fcnchen,Telefon: 089-4147-0,Internet:www.blaek.de Professional title: Arzt(Deutschland) Responsible chamber: Bayerische Landes\u00e4rztekammer Awarded by: Bavaria The following professional regulations apply: Professional regulations of the Bavarian Medical Association Regulations can be viewed at:&hellip;<\/p>\n","protected":false},"author":3,"featured_media":0,"parent":0,"menu_order":0,"comment_status":"closed","ping_status":"closed","template":"","meta":{"footnotes":""},"class_list":["post-384","page","type-page","status-publish","hentry","description-off"],"_links":{"self":[{"href":"https:\/\/dr-gangkofner-frauenarzt-muenchen-innenstadt.de\/en\/wp-json\/wp\/v2\/pages\/384","targetHints":{"allow":["GET"]}}],"collection":[{"href":"https:\/\/dr-gangkofner-frauenarzt-muenchen-innenstadt.de\/en\/wp-json\/wp\/v2\/pages"}],"about":[{"href":"https:\/\/dr-gangkofner-frauenarzt-muenchen-innenstadt.de\/en\/wp-json\/wp\/v2\/types\/page"}],"author":[{"embeddable":true,"href":"https:\/\/dr-gangkofner-frauenarzt-muenchen-innenstadt.de\/en\/wp-json\/wp\/v2\/users\/3"}],"replies":[{"embeddable":true,"href":"https:\/\/dr-gangkofner-frauenarzt-muenchen-innenstadt.de\/en\/wp-json\/wp\/v2\/comments?post=384"}],"version-history":[{"count":12,"href":"https:\/\/dr-gangkofner-frauenarzt-muenchen-innenstadt.de\/en\/wp-json\/wp\/v2\/pages\/384\/revisions"}],"predecessor-version":[{"id":451,"href":"https:\/\/dr-gangkofner-frauenarzt-muenchen-innenstadt.de\/en\/wp-json\/wp\/v2\/pages\/384\/revisions\/451"}],"wp:attachment":[{"href":"https:\/\/dr-gangkofner-frauenarzt-muenchen-innenstadt.de\/en\/wp-json\/wp\/v2\/media?parent=384"}],"curies":[{"name":"wp","href":"https:\/\/api.w.org\/{rel}","templated":true}]}}